{"id":818,"date":"2014-06-18T02:35:00","date_gmt":"2014-06-18T02:35:00","guid":{"rendered":"http:\/\/ticoss.com.mx\/principal\/?page_id=818"},"modified":"2017-01-31T19:04:02","modified_gmt":"2017-01-31T19:04:02","slug":"nosotros-2","status":"publish","type":"page","link":"https:\/\/ticoss.com.mx\/principal\/?page_id=818","title":{"rendered":"Nosotros"},"content":{"rendered":"<p>[et_pb_section admin_label=\u00bbSecci\u00f3n\u00bb fullwidth=\u00bbon\u00bb specialty=\u00bboff\u00bb][et_pb_fullwidth_image admin_label=\u00bbImagen de anchura completa\u00bb src=\u00bbhttp:\/\/ticoss.com.mx\/principal\/wp-content\/uploads\/2014\/06\/floticos.jpg\u00bb show_in_lightbox=\u00bboff\u00bb url_new_window=\u00bboff\u00bb use_overlay=\u00bboff\u00bb animation=\u00bbleft\u00bb use_border_color=\u00bboff\u00bb border_color=\u00bb#ffffff\u00bb border_style=\u00bbsolid\u00bb] [\/et_pb_fullwidth_image][\/et_pb_section][et_pb_section admin_label=\u00bbsection\u00bb][et_pb_row admin_label=\u00bbrow\u00bb][et_pb_column type=\u00bb4_4&#8243;][et_pb_text admin_label=\u00bbTexto\u00bb background_layout=\u00bblight\u00bb text_orientation=\u00bbleft\u00bb use_border_color=\u00bboff\u00bb border_color=\u00bb#ffffff\u00bb border_style=\u00bbsolid\u00bb]<\/p>\n<p class=\"p1\">Grupo Ticos es una empresa dedicada a los servicios de ejecuci\u00f3n de proyectos de Ingenier\u00eda Civil, con a\u00f1os de experiencia en la industria. A la fecha, hemos desarrollado proyectos que incluyen la planeaci\u00f3n y construcci\u00f3n, as\u00ed como especificaciones de naves industriales, hospitales, remodelaci\u00f3n de edificios, estructuras de concreto y construcci\u00f3n en general.<\/p>\n<p class=\"p1\">Somos expertos en diferentes \u00e1reas de Ingenier\u00eda como mec\u00e1nica de suelos, cimentaci\u00f3n, dise\u00f1o estructural, obra civil, acabados, instalaciones el\u00e9ctricas, hidrosanitarias, protecci\u00f3n autom\u00e1tica contra incendio y clima artificial. De igual modo, hemos participado en proyectos binacionales de transferencia de industrias que se han instalado en M\u00e9xico proporcionando el servicio al cliente en su lugar de origen, organizando y proyectando la Ingenier\u00eda necesaria para el arranque de nuevas plantas.<\/p>\n<p>[\/et_pb_text][\/et_pb_column][\/et_pb_row][\/et_pb_section][et_pb_section admin_label=\u00bbSecci\u00f3n\u00bb fullwidth=\u00bboff\u00bb specialty=\u00bboff\u00bb transparent_background=\u00bboff\u00bb background_color=\u00bb#892528&#8243; allow_player_pause=\u00bboff\u00bb inner_shadow=\u00bboff\u00bb parallax=\u00bboff\u00bb parallax_method=\u00bboff\u00bb padding_mobile=\u00bboff\u00bb make_fullwidth=\u00bboff\u00bb use_custom_width=\u00bboff\u00bb width_unit=\u00bbon\u00bb make_equal=\u00bboff\u00bb use_custom_gutter=\u00bboff\u00bb][et_pb_row admin_label=\u00bbFila\u00bb][et_pb_column type=\u00bb1_2&#8243;][et_pb_blurb admin_label=\u00bbAnuncio\u00bb title=\u00bbMisi\u00f3n\u00bb url_new_window=\u00bboff\u00bb use_icon=\u00bbon\u00bb font_icon=\u00bb%%165%%\u00bb icon_color=\u00bb#ffffff\u00bb use_circle=\u00bboff\u00bb circle_color=\u00bb#7EBEC5&#8243; use_circle_border=\u00bboff\u00bb circle_border_color=\u00bb#7EBEC5&#8243; icon_placement=\u00bbtop\u00bb animation=\u00bbtop\u00bb background_layout=\u00bbdark\u00bb text_orientation=\u00bbcenter\u00bb use_icon_font_size=\u00bboff\u00bb use_border_color=\u00bboff\u00bb border_color=\u00bb#ffffff\u00bb border_style=\u00bbsolid\u00bb header_font=\u00bb|on|||\u00bb header_font_size=\u00bb21&#8243;]<\/p>\n<p>Nuestra esencia es ofrecer a nuestros clientes una amplia variedad de servicios enfocados en la infraestructura de proyectos y suministro de equipos a empresas mineras, que cumplan sus expectativas, basados en los est\u00e1ndares internacionales de calidad, con base en un personal profesional y altamente capacitado.<\/p>\n<p>[\/et_pb_blurb][\/et_pb_column][et_pb_column type=\u00bb1_2&#8243;][et_pb_blurb admin_label=\u00bbAnuncio\u00bb title=\u00bbVisi\u00f3n\u00bb url_new_window=\u00bboff\u00bb use_icon=\u00bbon\u00bb font_icon=\u00bb%%166%%\u00bb icon_color=\u00bb#ffffff\u00bb use_circle=\u00bboff\u00bb circle_color=\u00bb#7EBEC5&#8243; use_circle_border=\u00bboff\u00bb circle_border_color=\u00bb#7EBEC5&#8243; icon_placement=\u00bbtop\u00bb animation=\u00bbtop\u00bb background_layout=\u00bbdark\u00bb text_orientation=\u00bbcenter\u00bb use_icon_font_size=\u00bboff\u00bb use_border_color=\u00bboff\u00bb border_color=\u00bb#ffffff\u00bb border_style=\u00bbsolid\u00bb header_font=\u00bb|on|||\u00bb header_font_size=\u00bb21&#8243;]<\/p>\n<p>Ser una compa\u00f1\u00eda exitosa en\u00a0servicios de infraestructura y equipamiento, reconocida por su gran experiencia, valores, constante innovaci\u00f3n dentro del ramo y compromiso con los clientes, as\u00ed como con cada uno de los miembros del equipo que la conforman.<\/p>\n<p>[\/et_pb_blurb][\/et_pb_column][\/et_pb_row][\/et_pb_section][et_pb_section admin_label=\u00bbSecci\u00f3n\u00bb fullwidth=\u00bboff\u00bb specialty=\u00bboff\u00bb transparent_background=\u00bboff\u00bb background_color=\u00bb#ffffff\u00bb allow_player_pause=\u00bboff\u00bb inner_shadow=\u00bboff\u00bb parallax=\u00bboff\u00bb parallax_method=\u00bboff\u00bb padding_mobile=\u00bboff\u00bb make_fullwidth=\u00bboff\u00bb use_custom_width=\u00bboff\u00bb width_unit=\u00bbon\u00bb make_equal=\u00bboff\u00bb use_custom_gutter=\u00bboff\u00bb][et_pb_row admin_label=\u00bbFila\u00bb][et_pb_column type=\u00bb4_4&#8243;][et_pb_cta admin_label=\u00bbLlamada a la acci\u00f3n\u00bb title=\u00bb\u00a1Cont\u00e1ctanos! \u00bb url_new_window=\u00bboff\u00bb button_text=\u00bbCont\u00e1ctanos\u00bb use_background_color=\u00bboff\u00bb background_color=\u00bb#7EBEC5&#8243; background_layout=\u00bblight\u00bb text_orientation=\u00bbcenter\u00bb use_border_color=\u00bboff\u00bb border_color=\u00bb#ffffff\u00bb border_style=\u00bbsolid\u00bb custom_button=\u00bbon\u00bb button_letter_spacing=\u00bb0&#8243; button_use_icon=\u00bbdefault\u00bb button_icon_placement=\u00bbright\u00bb button_on_hover=\u00bbon\u00bb button_letter_spacing_hover=\u00bb0&#8243; button_url=\u00bb#\u00bb button_text_color=\u00bb#892528&#8243; button_border_color=\u00bb#892528&#8243; saved_tabs=\u00bball\u00bb]<\/p>\n<p>\u00a1Si estas interesado en nuestros servicios, mandanos un correo y te contactaremos tan r\u00e1pido como nos sea posible!<\/p>\n<p>[\/et_pb_cta][\/et_pb_column][\/et_pb_row][\/et_pb_section]<\/p>\n","protected":false},"excerpt":{"rendered":"<p>Grupo Ticos es una empresa dedicada a los servicios de ejecuci\u00f3n de proyectos de Ingenier\u00eda Civil, con a\u00f1os de experiencia en la industria. A la fecha, hemos desarrollado proyectos que incluyen la planeaci\u00f3n y construcci\u00f3n, as\u00ed como especificaciones de naves industriales, hospitales, remodelaci\u00f3n de edificios, estructuras de concreto y construcci\u00f3n en general. Somos expertos en [&hellip;]<\/p>\n","protected":false},"author":1,"featured_media":0,"parent":0,"menu_order":0,"comment_status":"open","ping_status":"open","template":"","meta":{"_et_pb_use_builder":"on","_et_pb_old_content":"<p>\u00a0<\/p><p><a href=\"http:\/\/ticoss.com.mx\/principal\/wp-content\/uploads\/2016\/04\/ticos-011.png\"><img class=\"alignnone wp-image-852 size-medium\" src=\"http:\/\/ticoss.com.mx\/principal\/wp-content\/uploads\/2016\/04\/ticos-011-300x86.png\" alt=\"\" width=\"300\" height=\"86\" \/><\/a><\/p><p>Ticos Constructora es una empresa dedicada a los servicios de ejecuci\u00f3n de proyectos de Ingenier\u00eda Civil, con 20 a\u00f1os de experiencia en la industria. A la fecha, hemos desarrollado proyectos que incluyen la planeaci\u00f3n y construcci\u00f3n, as\u00ed como especificaciones de naves industriales, hospitales, remodelaci\u00f3n de edificios, estructuras de concreto y construcci\u00f3n en general.<\/p><p>Somos expertos en diferentes \u00e1reas de Ingenier\u00eda como mec\u00e1nica de suelos, cimentaci\u00f3n, dise\u00f1o estructural, obra civil, acabados, instalaciones el\u00e9ctricas, hidrosanitarias, protecci\u00f3n autom\u00e1tica contra incendio y clima artificial. De igual modo, hemos participado en proyectos binacionales de transferencia de industrias que se han instalado en M\u00e9xico proporcionando el servicio al cliente en su lugar de origen, organizando y proyectando la Ingenier\u00eda necesaria para el arranque de nuevas plantas.<\/p><p><img class=\"alignnone size-full wp-image-768\" src=\"http:\/\/ticoss.com.mx\/principal\/wp-content\/uploads\/2013\/06\/flotillaTicos.jpg\" alt=\"flotillaTicos\" width=\"1200\" height=\"554\" \/><\/p><p>\u00a0<\/p><p>\u00a0<\/p>","_et_gb_content_width":""},"_links":{"self":[{"href":"https:\/\/ticoss.com.mx\/principal\/index.php?rest_route=\/wp\/v2\/pages\/818"}],"collection":[{"href":"https:\/\/ticoss.com.mx\/principal\/index.php?rest_route=\/wp\/v2\/pages"}],"about":[{"href":"https:\/\/ticoss.com.mx\/principal\/index.php?rest_route=\/wp\/v2\/types\/page"}],"author":[{"embeddable":true,"href":"https:\/\/ticoss.com.mx\/principal\/index.php?rest_route=\/wp\/v2\/users\/1"}],"replies":[{"embeddable":true,"href":"https:\/\/ticoss.com.mx\/principal\/index.php?rest_route=%2Fwp%2Fv2%2Fcomments&post=818"}],"version-history":[{"count":18,"href":"https:\/\/ticoss.com.mx\/principal\/index.php?rest_route=\/wp\/v2\/pages\/818\/revisions"}],"predecessor-version":[{"id":1076,"href":"https:\/\/ticoss.com.mx\/principal\/index.php?rest_route=\/wp\/v2\/pages\/818\/revisions\/1076"}],"wp:attachment":[{"href":"https:\/\/ticoss.com.mx\/principal\/index.php?rest_route=%2Fwp%2Fv2%2Fmedia&parent=818"}],"curies":[{"name":"wp","href":"https:\/\/api.w.org\/{rel}","templated":true}]}}