{"id":33,"date":"2013-06-25T18:19:40","date_gmt":"2013-06-25T18:19:40","guid":{"rendered":"http:\/\/ticoss.com.mx\/principal\/?page_id=33"},"modified":"2014-06-18T02:28:50","modified_gmt":"2014-06-18T02:28:50","slug":"servicios","status":"publish","type":"page","link":"https:\/\/ticoss.com.mx\/principal\/?page_id=33","title":{"rendered":"Servicios"},"content":{"rendered":"<p><img decoding=\"async\" loading=\"lazy\" class=\"alignnone wp-image-811 size-full\" src=\"http:\/\/ticoss.com.mx\/principal\/wp-content\/uploads\/2013\/06\/serviciosWide.jpg\" alt=\"serviciosWide\" width=\"888\" height=\"324\" srcset=\"https:\/\/ticoss.com.mx\/principal\/wp-content\/uploads\/2013\/06\/serviciosWide.jpg 888w, https:\/\/ticoss.com.mx\/principal\/wp-content\/uploads\/2013\/06\/serviciosWide-300x109.jpg 300w\" sizes=\"(max-width: 888px) 100vw, 888px\" \/><\/p>\n<ul>\n<li><em>\u00a0<span style=\"line-height: 1.5em;\">Mec\u00e1nica de Suelos &#8211; Estudios &#8211; Cimentaci\u00f3n<\/span><\/em><\/li>\n<li><em>Planeaci\u00f3n &#8211; Concepto y desarrollo de proyectos<\/em><\/li>\n<li><em>Dise\u00f1o Estructural &#8211; Dise\u00f1o, elaboraci\u00f3n\u00a0y montaje de estructuras<\/em><\/li>\n<li><em>Obra Civil &#8211; Desarrollo y edificaci\u00f3n de todo tipo de Obra Civil &#8211; Naves industriales y comerciales &#8211; Hospitales<\/em><\/li>\n<li><em>Remodelaci\u00f3n y Acabados &#8211; Redise\u00f1o y acabados seg\u00fan los requerimientos del proyecto<\/em><\/li>\n<li><em>Sistemas contra incendios<\/em><\/li>\n<li><em>Instalaciones &#8211; El\u00e9ctricas &#8211; Hidr\u00e1ulicas &#8211; Sanitarias<\/em><\/li>\n<\/ul>\n","protected":false},"excerpt":{"rendered":"<p>\u00a0Mec\u00e1nica de Suelos &#8211; Estudios &#8211; Cimentaci\u00f3n Planeaci\u00f3n &#8211; Concepto y desarrollo de proyectos Dise\u00f1o Estructural &#8211; Dise\u00f1o, elaboraci\u00f3n\u00a0y montaje de estructuras Obra Civil &#8211; Desarrollo y edificaci\u00f3n de todo tipo de Obra Civil &#8211; Naves industriales y comerciales &#8211; Hospitales Remodelaci\u00f3n y Acabados &#8211; Redise\u00f1o y acabados seg\u00fan los requerimientos del proyecto Sistemas contra [&hellip;]<\/p>\n","protected":false},"author":1,"featured_media":0,"parent":0,"menu_order":0,"comment_status":"open","ping_status":"open","template":"","meta":{"_et_pb_use_builder":"","_et_pb_old_content":"","_et_gb_content_width":""},"_links":{"self":[{"href":"https:\/\/ticoss.com.mx\/principal\/index.php?rest_route=\/wp\/v2\/pages\/33"}],"collection":[{"href":"https:\/\/ticoss.com.mx\/principal\/index.php?rest_route=\/wp\/v2\/pages"}],"about":[{"href":"https:\/\/ticoss.com.mx\/principal\/index.php?rest_route=\/wp\/v2\/types\/page"}],"author":[{"embeddable":true,"href":"https:\/\/ticoss.com.mx\/principal\/index.php?rest_route=\/wp\/v2\/users\/1"}],"replies":[{"embeddable":true,"href":"https:\/\/ticoss.com.mx\/principal\/index.php?rest_route=%2Fwp%2Fv2%2Fcomments&post=33"}],"version-history":[{"count":23,"href":"https:\/\/ticoss.com.mx\/principal\/index.php?rest_route=\/wp\/v2\/pages\/33\/revisions"}],"predecessor-version":[{"id":813,"href":"https:\/\/ticoss.com.mx\/principal\/index.php?rest_route=\/wp\/v2\/pages\/33\/revisions\/813"}],"wp:attachment":[{"href":"https:\/\/ticoss.com.mx\/principal\/index.php?rest_route=%2Fwp%2Fv2%2Fmedia&parent=33"}],"curies":[{"name":"wp","href":"https:\/\/api.w.org\/{rel}","templated":true}]}}